{"id":1740,"date":"2015-03-23T21:13:00","date_gmt":"2015-03-23T21:13:00","guid":{"rendered":"http:\/\/clickmantis.wpengine.com\/?page_id=1740"},"modified":"2021-03-04T20:03:36","modified_gmt":"2021-03-04T20:03:36","slug":"grand-canyon-tour-unternehmen","status":"publish","type":"page","link":"https:\/\/www.grandcanyondeals.com\/de\/grand-canyon-tour-unternehmen\/","title":{"rendered":"Grand Canyon Tour-Unternehmen"},"content":{"rendered":"<p>Die Wahl des richtigen Tour-Anbieters ist entscheidend daf\u00fcr, dass Ihr Grand-Canyon-Abenteuer genauso wird, wie Sie sich das in Ihren Tr\u00e4umen vorgestellt haben. Immerhin bestimmt die Wahl ihres Tour-Anbieters das Erlebnis ihres Ausflugs. Es gibt eine Menge verschiedener Anbieter von Touren in und um den Grand Canyon. Diese Anbieter unterscheiden sich in einigen Punkten, zum Beispiel beim grunds\u00e4tzlichen \u201eGef\u00fchl\u201c oder der spezifischen Erfahrung, die sie vermitteln.<\/p>\n<p>Bei der Auswahl des Tour-Anbieters sollte man einige Fragen im Hinterkopf behalten. Zum Beispiel, ob man den Grand Canyon mit einer g\u00fcnstigen Tour besichtigen m\u00f6chte oder ob man doch lieber eine luxuri\u00f6se VIP-Tour (mit entsprechendem Preis) bevorzugt. Wollen Sie eine einfache Bus-Tour oder w\u00fcrde ihr Grand-Canyon-Erlebnis ohne Combo-Tour nicht komplett sein? Dort ist alles enthalten: Verschiedene Abenteuer erlauben das Erleben des Grand Canyon aus unterschiedlichen Perspektiven. Wollen Sie lieber mit einer kleinen Gruppe unterwegs sein oder bevorzugen Sie die Standards von gro\u00dfen Anbietern? W\u00fcrden Sie eine Tour buchen, bei der alle Transfers inbegriffen sind \u2013 Sie also zum Beispiel von Las Vegas zum Grand Canyon bringen \u2013 und von dort ihr eigenes Abenteuer starten? Oder reisen Sie lieber selbst an und buchen direkt bei einem Anbieter im Grand Canyon National Park oder in Grand Canyon West?<\/p>\n<p>Die riesige Anzahl an Anbietern von Touren und ihre Gemeinsamkeiten und Unterschiede lassen einen Entscheid extrem schwierig erscheinen. Deshalb hilft ihnen Grand Canyon Deals dabei, alle n\u00f6tigen Informationen zu bekommen um die bestinformierte Entscheidung zu treffen \u2013 und garantiert Ihnen dabei, dass Ihr Traum vom gro\u00dfen Grand-Canyon-Abenteuer auch wirklich in Erf\u00fcllung geht. Schlie\u00dflich gibt es bei so vielen Optionen f\u00fcr jeden und jede den perfekten Anbieter.<\/p>\n<h3><strong>Grand Canyon Tour-Unternehmen<\/strong><\/h3>\n<p><strong><em><a href=\"http:\/\/www.grandcanyondeals.com\/de\/tour-company\/maverick-helicopter-tours\/\">Maverick Helicopter Tours<\/a><\/em><\/strong><\/p>\n<p>Maverick Helicopter Tours\u2019 Wunsch ist es, jedem Gast eine personalisierte VIP-Erfahrung zu bieten. Sie bieten verschiedene vordefinierte Touren an \u2013 inklusive vielen Extras \u2013 und starten ihre Touren jeweils in Las Vegas.<\/p>\n<p><strong><em><a href=\"http:\/\/www.grandcanyondeals.com\/de\/tour-company\/papillon-hubschrauber-touren\/\">Papillon Helicopter Tours<\/a><\/em><\/strong><\/p>\n<p>Papillon bietet Kleingruppen-Fl\u00fcge mit speziell ausgebildeten Piloten, die den gesamten Canyon durchfliegen k\u00f6nnen \u2013 so kommen Sie zu sonst unerreichbaren Orten mit beeindruckendem Panorama. Start in Las Vegas oder vom West- oder S\u00fcdrand des Canyons.<\/p>\n","protected":false},"excerpt":{"rendered":"<p>Die Wahl des richtigen Tour-Anbieters ist entscheidend daf\u00fcr, dass Ihr Grand-Canyon-Abenteuer genauso wird, wie Sie sich das in Ihren Tr\u00e4umen vorgestellt haben. Immerhin bestimmt die Wahl ihres Tour-Anbieters das Erlebnis ihres Ausflugs. Es gibt eine Menge verschiedener Anbieter von Touren in und um den Grand Canyon. Diese Anbieter unterscheiden sich in einigen Punkten, zum Beispiel &#8230; <a title=\"Grand Canyon Tour-Unternehmen\" class=\"read-more\" href=\"https:\/\/www.grandcanyondeals.com\/de\/grand-canyon-tour-unternehmen\/\" aria-label=\"Mehr Informationen \u00fcber Grand Canyon Tour-Unternehmen\">Weiterlesen &#8230;<\/a><\/p>\n","protected":false},"author":5,"featured_media":0,"parent":0,"menu_order":0,"comment_status":"open","ping_status":"open","template":"","meta":{"_acf_changed":false,"_seopress_robots_primary_cat":"","_seopress_titles_title":"","_seopress_titles_desc":"","_seopress_robots_index":"","footnotes":""},"type_of_tour":[],"class_list":["post-1740","page","type-page","status-publish"],"acf":[],"_links":{"self":[{"href":"https:\/\/www.grandcanyondeals.com\/de\/wp-json\/wp\/v2\/pages\/1740","targetHints":{"allow":["GET"]}}],"collection":[{"href":"https:\/\/www.grandcanyondeals.com\/de\/wp-json\/wp\/v2\/pages"}],"about":[{"href":"https:\/\/www.grandcanyondeals.com\/de\/wp-json\/wp\/v2\/types\/page"}],"author":[{"embeddable":true,"href":"https:\/\/www.grandcanyondeals.com\/de\/wp-json\/wp\/v2\/users\/5"}],"replies":[{"embeddable":true,"href":"https:\/\/www.grandcanyondeals.com\/de\/wp-json\/wp\/v2\/comments?post=1740"}],"version-history":[{"count":0,"href":"https:\/\/www.grandcanyondeals.com\/de\/wp-json\/wp\/v2\/pages\/1740\/revisions"}],"wp:attachment":[{"href":"https:\/\/www.grandcanyondeals.com\/de\/wp-json\/wp\/v2\/media?parent=1740"}],"wp:term":[{"taxonomy":"type_of_tour","embeddable":true,"href":"https:\/\/www.grandcanyondeals.com\/de\/wp-json\/wp\/v2\/type_of_tour?post=1740"}],"curies":[{"name":"wp","href":"https:\/\/api.w.org\/{rel}","templated":true}]}}