{"id":1746,"date":"2015-03-24T01:45:59","date_gmt":"2015-03-24T01:45:59","guid":{"rendered":"http:\/\/clickmantis.wpengine.com\/?page_id=1746"},"modified":"2021-03-03T23:17:44","modified_gmt":"2021-03-03T23:17:44","slug":"grand-canyon-tour-arten","status":"publish","type":"page","link":"https:\/\/www.grandcanyondeals.com\/de\/grand-canyon-tour-arten\/","title":{"rendered":"Grand Canyon Tour \u2013 Arten"},"content":{"rendered":"<p>Neben der Auswahl des Tour-Anbieters m\u00fcssen Sie die perfekte Art der Tour bestimmen. Aufgrund der schieren Gr\u00f6\u00dfe des Grand Canyons ist es unm\u00f6glich, alles bei einem einzigen Ausflug zu sehen \u2013 deshalb werden Sie sich auf die Punkte konzentrieren m\u00fcssen, die Ihnen pers\u00f6nlich am wichtigsten sind.<\/p>\n<p>Zuerst die Perspektive: M\u00f6chten Sie den Canyon von oben oder von innen sehen? Eine Tour mit dem Flugzeug kann den gesamten Canyon abdecken, so dass Sie seine Gr\u00f6\u00dfe richtig sch\u00e4tzen k\u00f6nnen. Eine Helikoptertour l\u00e4sst Sie den Canyon ebenfalls von oben sehen, Sie k\u00f6nnen dabei aber auch an bestimmten Pl\u00e4tzen landen und den Canyon von innen betrachten. Jeep-, Bus- und Wandertouren f\u00fchren Sie zu einigen der ber\u00fchmtesten und sch\u00f6nsten Orte des Grand Canyon. So sehen Sie nicht den ganzen Canyon, daf\u00fcr einen Ausschnitt viel intensiver. Schlie\u00dflich erlauben spezielle Wander- und Rafting-Touren, den Grand Canyon von seiner sch\u00f6nsten Seite zu sehen: In seinem tiefsten Herz. Bei diesen Touren begrenzen die riesigen Felsw\u00e4nde den Ausblick, die geheimen Orte und die spezielle Stimmung bieten aber eine gute Entsch\u00e4digung daf\u00fcr.<\/p>\n<p>Denken Sie schlie\u00dflich daran, was Sie sonst noch von der Tour mitnehmen m\u00f6chten. Besuchen Sie den Grand Canyon einfach um seine Gr\u00f6\u00dfe und Pracht zu bewundern oder w\u00fcnschen Sie sich eine Tour mit k\u00f6rperlichen Herausforderungen und Abenteuern? Hoffen Sie, etwas \u00fcber die Geschichte, Beschaffenheit und Geologie des Grand Canyon zu erfahren? Denken Sie \u00fcber die Art Ihrer Tour nach: Vielleicht bevorzugen Sie gro\u00dfe Gruppen mit der Chance, neue Leute kennenzulernen \u2013 oder aber kleine, intime Gruppen. Einige Touren sind erholsam, mit der M\u00f6glichkeit, einfach das unglaubliche Panorama auf sich wirken zu lassen. Andere sind aktiv, von einem Abenteuer ins n\u00e4chste \u2013 um beim Grand Canyon m\u00f6glichst viel zu erleben. Behalten Sie sich diese Punkte im Hinterkopf wenn Sie gleich aus den Kategorien unten ausw\u00e4hlen:<\/p>\n<h3><strong>Grand Canyon Tour \u2013 Arten<\/strong><\/h3>\n<div class=\"one-half first\">\n<h5><a href=\"http:\/\/www.grandcanyondeals.com\/de\/hubschrauberrundflug\/\">Helikoptertouren<\/a><\/h5>\n<p>Wie mit Flugzeugtouren kann man auch mit Helikoptertouren den Grand Canyon aus einer v\u00f6llig neuen Perspektive erfahren. Tourenhelikopter k\u00f6nnen normalerweise nicht so schnell und weit fliegen wie Flugzeuge aber sie k\u00f6nnen daf\u00fcr viel tiefer fliegen. Viele Helikopter fliegen sogar in den Canyon hinein und einige Landen sogar auf dem Boden des Canyons!<\/p>\n<h5><a href=\"http:\/\/www.grandcanyondeals.com\/de\/busreisen\/\">Bustouren<\/a><\/h5>\n<p>Bustouren k\u00f6nnen eine g\u00fcnstige Alternative zu Flugzeug- und Helikoptertouren darstellen. Sie sind langsamer, was mehr Zeit unterwegs bedeutet \u2013 aber eben auch mehr Zeit, die wundersch\u00f6ne Szenerie des Grand Canyon zu genie\u00dfen. Die meisten Bustouren machen regelm\u00e4\u00dfige Stopps f\u00fcr kurze Spazierg\u00e4nge und ein paar Schnappsch\u00fcsse an den sch\u00f6nsten Aussichtspunkten.<\/p>\n<h5><a href=\"http:\/\/www.grandcanyondeals.com\/de\/wandertouren\/\">Wandertouren<\/a><\/h5>\n<p>Es gibt Leute, die behaupten, man habe den Grand Canyon nicht richtig erlebt, bis man seine Steilen W\u00e4nde rauf und runtergelaufen ist. Wandertouren gibt es in verschiedenen Schwierigkeitsstufen: Extrem anstrengende, herausfordernde Touren f\u00fcr sportliche Abenteurer und einfachere Touren f\u00fcr Leute, die verschiedene sch\u00f6ne Aussichtspunkte am Canyon besuchen wollen.<\/p>\n<h5><a href=\"http:\/\/www.grandcanyondeals.com\/de\/gelandetouren\/\">Jeeptouren<\/a><\/h5>\n<p>Wie mit Bustouren kann man auch mit Jeeptouren sehr viel vom Canyon sehen. Man f\u00e4hrt mit dem Jeep dem Rand des Canyons entlang und h\u00e4lt an den imposantesten Aussichtspunkten. Ein Jeep-Cabrio erlaubt ein noch intensiveres Erlebnis des Grand Canyons mit seiner Natur \u2013 ohne Barrieren.<\/p>\n<\/div>\n<div class=\"one-half\">\n<h5><a href=\"http:\/\/www.grandcanyondeals.com\/de\/flugzeug-rundfluge\/\">Flugzeugtouren<\/a><\/h5>\n<p>Von innerhalb oder sogar auf dem Grand Canyon ist es schwierig, ein Gef\u00fchl von der Gr\u00f6\u00dfe und Ausdehnung des Grand Canyon zu erhalten. Mit einer Flugzeugtour k\u00f6nnen Sie die gesamte L\u00e4nge des Grand Canyons abdecken und so die schiere Gr\u00f6\u00dfe besser nachvollziehen. Tourenflugzeuge sind speziell konstruiert: Hohe Fl\u00fcgel und gro\u00dfe, flache Fenster sind ideal f\u00fcr Fotografen.<\/p>\n<h5><a href=\"http:\/\/www.grandcanyondeals.com\/de\/rafting-touren\/\">Raftingtouren<\/a><\/h5>\n<p>Die wahrscheinlich wildeste Art des Abenteuers: Wildwasser-Rafting-Touren auf dem Colorado-River, die riesigen W\u00e4nde des Grand Canyon in unmittelbarer N\u00e4he! Rafting- und Campingtouren dauern Tage oder sogar Wochen und folgen strikten Regeln, um die Natur zu schonen. Hier k\u00f6nnen Sie Ihrer wilden Seite freien Lauf lassen\u2026<\/p>\n<h5><a href=\"http:\/\/www.grandcanyondeals.com\/de\/kombinationsreisen\/\">Kombi-Touren<\/a><\/h5>\n<p>Mit Kombi-Touren k\u00f6nnen Sie Ihr individuelles Erlebnis des Grand Canyons gestalten. Wollen Sie von Las Vegas mit einem Flugzeug zum Grand Canyon fliegen, den Canyon \u00fcberqueren, mit einem Helikopter auf den Grund des Canyons absteigen und dann ein Mittagessen genie\u00dfen, gefolgt von einer Pferdetour, Rafting oder Wandern? Alles kein Problem!<\/p>\n<\/div>\n","protected":false},"excerpt":{"rendered":"<p>Neben der Auswahl des Tour-Anbieters m\u00fcssen Sie die perfekte Art der Tour bestimmen. Aufgrund der schieren Gr\u00f6\u00dfe des Grand Canyons ist es unm\u00f6glich, alles bei einem einzigen Ausflug zu sehen \u2013 deshalb werden Sie sich auf die Punkte konzentrieren m\u00fcssen, die Ihnen pers\u00f6nlich am wichtigsten sind. Zuerst die Perspektive: M\u00f6chten Sie den Canyon von oben &#8230; <a title=\"Grand Canyon Tour \u2013 Arten\" class=\"read-more\" href=\"https:\/\/www.grandcanyondeals.com\/de\/grand-canyon-tour-arten\/\" aria-label=\"Mehr Informationen \u00fcber Grand Canyon Tour \u2013 Arten\">Weiterlesen &#8230;<\/a><\/p>\n","protected":false},"author":5,"featured_media":0,"parent":0,"menu_order":0,"comment_status":"open","ping_status":"open","template":"","meta":{"_acf_changed":false,"_seopress_robots_primary_cat":"","_seopress_titles_title":"","_seopress_titles_desc":"","_seopress_robots_index":"","footnotes":""},"type_of_tour":[],"class_list":["post-1746","page","type-page","status-publish"],"acf":[],"_links":{"self":[{"href":"https:\/\/www.grandcanyondeals.com\/de\/wp-json\/wp\/v2\/pages\/1746","targetHints":{"allow":["GET"]}}],"collection":[{"href":"https:\/\/www.grandcanyondeals.com\/de\/wp-json\/wp\/v2\/pages"}],"about":[{"href":"https:\/\/www.grandcanyondeals.com\/de\/wp-json\/wp\/v2\/types\/page"}],"author":[{"embeddable":true,"href":"https:\/\/www.grandcanyondeals.com\/de\/wp-json\/wp\/v2\/users\/5"}],"replies":[{"embeddable":true,"href":"https:\/\/www.grandcanyondeals.com\/de\/wp-json\/wp\/v2\/comments?post=1746"}],"version-history":[{"count":0,"href":"https:\/\/www.grandcanyondeals.com\/de\/wp-json\/wp\/v2\/pages\/1746\/revisions"}],"wp:attachment":[{"href":"https:\/\/www.grandcanyondeals.com\/de\/wp-json\/wp\/v2\/media?parent=1746"}],"wp:term":[{"taxonomy":"type_of_tour","embeddable":true,"href":"https:\/\/www.grandcanyondeals.com\/de\/wp-json\/wp\/v2\/type_of_tour?post=1746"}],"curies":[{"name":"wp","href":"https:\/\/api.w.org\/{rel}","templated":true}]}}