{"id":326,"date":"2015-03-11T13:00:44","date_gmt":"2015-03-11T13:00:44","guid":{"rendered":"http:\/\/clickmantis.wpengine.com\/?page_id=326"},"modified":"2016-02-12T16:41:54","modified_gmt":"2016-02-12T16:41:54","slug":"flugzeug-rundfluge","status":"publish","type":"page","link":"https:\/\/www.grandcanyondeals.com\/de\/flugzeug-rundfluge\/","title":{"rendered":"Flugzeug-Rundfl\u00fcge"},"content":{"rendered":"<p>Flugzeug Sightseeing-Touren k\u00f6nnen bei Reiseunternehmen mit Spezialisierung in der Lufttouristik gebucht werden. W\u00e4hrend viele Unternehmen Touren mit Kleinflugzeugen anbieten, die speziell f\u00fcr kurze Rundfl\u00fcge konzipiert sind, erg\u00e4nzen andere Unternehmen ihr Tour-Angebot mit Hubschrauberrundfl\u00fcgen und Bustouren. Die meisten unter ihnen bieten ebenfalls einen speziellen Charterflugservice, sowie individuell angepasste Reisen f\u00fcr Alleinreisende oder Reisegruppen an, die ein exklusives Erlebnis nach ihrem Geschmack erleben m\u00f6chten.<br \/>\nFlugzeuge-Touren k\u00f6nnen f\u00fcnfzehn Minuten aber auch den ganzen Tag andauern und eignen sich sehr, um fremde Gegenden aus tausenden von Metern H\u00f6he entdecken zu k\u00f6nnen. Diese Kleinflugzeuge f\u00fcr individuelle Flugreisen sind kleiner, als die Maschinen der gro\u00dfen Fluggesellschaften, k\u00f6nnen aber zwischen 2 und 20 Menschen transportieren. Daher eignet sich eine solche Tour f\u00fcr Gro\u00dffamilien und Reisegruppen und bietet jedem ein unvergessliches Urlaubserlebnis oder einen sagenhaften Betriebsausflug.<br \/>\n<strong>Vorteile einer Flugreise<\/strong><\/p>\n<ul type=\"disc\">\n<li>Flugtouren sind ideal, wenn nur wenig Zeit f\u00fcr eine Sightseeing-Tour vorhanden ist, denn die Sehensw\u00fcrdigkeiten, f\u00fcr deren Besichtigung man normalerweise tagelang br\u00e4uchte, sind mit dem Flugzeug innerhalb eines Nachmittags schaffbar.<\/li>\n<li>Auch wenn Sie kein professioneller Fotograf sind, werden Sie an den einzigartigen Motiven, die ein Flug in dieser H\u00f6he bietet, bestimmt Gefallen finden.<\/li>\n<li>Wenn Sie allein unterwegs sind, bereitet Ihnen eine Flugreise die M\u00f6glichkeit Gleichgesinnte anzutreffen und vielleicht neue Freundschaften zu schlie\u00dfen.<\/li>\n<li>F\u00fcr einen Familienurlaub ist eine Flugreise ebenfalls genau das Richtige, denn ein jeder wird diese Tour genie\u00dfen und noch lange von ihr sprechen.<\/li>\n<li>Da ein Kleinflugzeug weniger Treibstoff verbraucht, als ein Hubschrauber, ist eine Flugreise sehr viel \u00f6konomischer als eine vergleichbare Tour mit dem Hubschrauber.<\/li>\n<\/ul>\n<p><strong>Nachteile einer Flugreise<\/strong><\/p>\n<ul type=\"disc\">\n<li>Obwohl sich Ihnen aus dem Flugzeug ein einzigartiger Blick bietet, bekommt man von dort oben nur schwer den intensiven Eindruck der Region, den man bei einer Reise auf Grund und Boden bek\u00e4me.<\/li>\n<li>Wenn Sie allein reisen, ist es schwer einzusch\u00e4tzen, wer wohl mit Ihnen im Flugzeug sitzt. Ob feine Gesch\u00e4ftsleute oder weinende Kleinkinder, das ist wohl eher reine Gl\u00fcckssache!<\/li>\n<li>Einige Kleinflugzeuge haben keine Toiletten an Bord, etwas, das man besonders bei l\u00e4ngeren Touren beachten und einplanen sollte.<\/li>\n<li>Flugtouren sind nichts f\u00fcr Menschen mit schwachem Herz oder Magen, denn starke Windb\u00f6en r\u00fctteln an diesen Kleinflugzeugen erheblich mehr, als an den gro\u00dfen Maschinen. Menschen die nicht oft fliegen, werden durch das R\u00fcttel schnell eingesch\u00fcchtert.<\/li>\n<\/ul>\n<p><strong>Wer sollte fliegen und wer sollte lieber am Boden bleiben?<\/strong><br \/>\nMenschen, die unter Reisekrankheit leiden und denen schnell schlecht wird, sollten sowohl zu ihrem eigenen Wohl, als auch das der anderen Flugg\u00e4ste, lieber keine Flugreise unternehmen. Auch Flugangst oder Herzprobleme sollten Gr\u00fcnde sein, lieber auf eine Busreise umzusteigen. Schwangere Frauen sollten ab der 35. Schwangerschaftswoche ebenfalls nicht fliegen. Babys und Kleinkinder d\u00fcrfen zwar mitfliegen, doch sollte bedacht werden, dass das R\u00fctteln auch f\u00fcr Kinder angsteinfl\u00f6\u00dfend sein kann \u2013 das w\u00e4re sowohl f\u00fcr die Kinder, als auch f\u00fcr die anderen Passagiere anstrengend.<br \/>\nMenschen, die energiegeladene Extremsportarten lieben und mit anspruchsvollen Situationen gut zurecht kommen, werden die dramatische H\u00f6he des Luft-Sightseeings genie\u00dfen. Eine solche Tour kann eine emotional n\u00e4herbringende Erfahrung f\u00fcr Paare und Familien sein, und f\u00fcr Alleinreisende eine Chance neue Freundschaften mit abenteuerlustigen Touristen zu schlie\u00dfen<\/p>\n","protected":false},"excerpt":{"rendered":"<p>Flugzeug Sightseeing-Touren k\u00f6nnen bei Reiseunternehmen mit Spezialisierung in der Lufttouristik gebucht werden. W\u00e4hrend viele Unternehmen Touren mit Kleinflugzeugen anbieten, die speziell f\u00fcr kurze Rundfl\u00fcge konzipiert sind, erg\u00e4nzen andere Unternehmen ihr Tour-Angebot mit Hubschrauberrundfl\u00fcgen und Bustouren. Die meisten unter ihnen bieten ebenfalls einen speziellen Charterflugservice, sowie individuell angepasste Reisen f\u00fcr Alleinreisende oder Reisegruppen an, die ein &#8230; <a title=\"Flugzeug-Rundfl\u00fcge\" class=\"read-more\" href=\"https:\/\/www.grandcanyondeals.com\/de\/flugzeug-rundfluge\/\" aria-label=\"Mehr Informationen \u00fcber Flugzeug-Rundfl\u00fcge\">Weiterlesen &#8230;<\/a><\/p>\n","protected":false},"author":5,"featured_media":0,"parent":0,"menu_order":0,"comment_status":"open","ping_status":"open","template":"","meta":{"_acf_changed":false,"_seopress_robots_primary_cat":"","_seopress_titles_title":"","_seopress_titles_desc":"","_seopress_robots_index":"","footnotes":""},"type_of_tour":[9],"class_list":{"0":"post-326","1":"page","2":"type-page","3":"status-publish","5":"type_of_tour-yes"},"acf":[],"_links":{"self":[{"href":"https:\/\/www.grandcanyondeals.com\/de\/wp-json\/wp\/v2\/pages\/326","targetHints":{"allow":["GET"]}}],"collection":[{"href":"https:\/\/www.grandcanyondeals.com\/de\/wp-json\/wp\/v2\/pages"}],"about":[{"href":"https:\/\/www.grandcanyondeals.com\/de\/wp-json\/wp\/v2\/types\/page"}],"author":[{"embeddable":true,"href":"https:\/\/www.grandcanyondeals.com\/de\/wp-json\/wp\/v2\/users\/5"}],"replies":[{"embeddable":true,"href":"https:\/\/www.grandcanyondeals.com\/de\/wp-json\/wp\/v2\/comments?post=326"}],"version-history":[{"count":0,"href":"https:\/\/www.grandcanyondeals.com\/de\/wp-json\/wp\/v2\/pages\/326\/revisions"}],"wp:attachment":[{"href":"https:\/\/www.grandcanyondeals.com\/de\/wp-json\/wp\/v2\/media?parent=326"}],"wp:term":[{"taxonomy":"type_of_tour","embeddable":true,"href":"https:\/\/www.grandcanyondeals.com\/de\/wp-json\/wp\/v2\/type_of_tour?post=326"}],"curies":[{"name":"wp","href":"https:\/\/api.w.org\/{rel}","templated":true}]}}