{"id":353,"date":"2015-03-11T19:55:12","date_gmt":"2015-03-11T19:55:12","guid":{"rendered":"http:\/\/clickmantis.wpengine.com\/?page_id=353"},"modified":"2016-02-11T16:37:36","modified_gmt":"2016-02-11T16:37:36","slug":"hubschrauberrundflug","status":"publish","type":"page","link":"https:\/\/www.grandcanyondeals.com\/de\/hubschrauberrundflug\/","title":{"rendered":"Hubschrauberrundflug"},"content":{"rendered":"<p>Eine Tour mit dem Hubschrauber bietet ihren Flugg\u00e4sten eine atemberaubende Sicht \u00fcber Landschaften, historische Denkm\u00e4ler und Naturwunder. Firmen, die sich auf Hubschrauber-Touren spezialisiert haben, bieten oft ausschlie\u00dflich die Hubschrauberfl\u00fcge an. Einige Firmen aber, kombinieren den Flug ebenfalls mit Bus- oder Bahnfahrten.<br \/>\nHubschrauber-Touren k\u00f6nnen 15 Minuten aber auch den ganzen Tag, bzw. \u00fcber Nacht andauern. Die meisten Firmen f\u00fcr Hubschrauber-Touren bieten sowohl Charterfl\u00fcge, als auch Touren, die speziell dem einzelnen Kunden angepasst sind, an. W\u00e4hrend sich die Preise und Flugziele der jeweiligen Firmen unterscheiden, sind sie sich jedoch in einem einig: Bringen Sie Ihre Kamera mit! Es gibt kaum ein Foto, das mit den Fotos aus dieser Flugh\u00f6he vergleichbar w\u00e4re und Ihr Fotoalbum mehr schm\u00fccken k\u00f6nnte.<br \/>\n<strong>Vorteile einer Hubschrauber-Tour\u00a0<\/strong><\/p>\n<ul type=\"disc\">\n<li>Hubschrauber-Touren sind besonders f\u00fcr Menschen mit einem sehr begrenzten Reisezeitraum geeignet, wie z.B. ein vielbesch\u00e4ftigter Manager auf einer Dienstreise.<\/li>\n<li>Hubschrauber-Touren sind eine au\u00dfergew\u00f6hnliche Erfahrung, da Hubschrauber fast \u00fcberall starten und landen und mit einer extraordin\u00e4ren Rangierf\u00e4higkeit an Orte gelangen k\u00f6nnen, die sonst nur schwer erreichbar sind.<\/li>\n<li>Anbieter dieser Touren bieten Reisepakete in verschiedenen Preisklassen an, sodass es f\u00fcr jegliches Budget eine Hubschrauber-Tour gibt.<\/li>\n<li>Eine Tour mit dem Hubschrauber ist eine tolle Art und Weise des Sightseeings f\u00fcr diejenigen, die nur schlecht zu Fu\u00df unterwegs sind, die Sehensw\u00fcrdigkeiten der Umgebung zu genie\u00dfen. Daher bieten viele Firmen Touren und Hilfsmittel an, die speziell f\u00fcr Menschen mit Behinderungen konzipiert sind.<\/li>\n<li>Eine Hubschrauber-Tour ist ein unvergessliches Abenteuer f\u00fcr die ganze Familie.<\/li>\n<\/ul>\n<p><strong>Nachteile einer Hubschrauber-Tour\u00a0<\/strong><\/p>\n<ul type=\"disc\">\n<li>W\u00e4hrend der Ausblick aus dem Hubschrauber einzigartig sein mag, erlebt man von hoch oben kaum die Eindr\u00fccke, die man erh\u00e4lt, wenn man sich unmittelbar vor den Sehensw\u00fcrdigkeiten befindet und Kontakt zu den Bewohnern der Gegend hat.<\/li>\n<li>Hubschrauber sind langsamer, als Flugzeuge und verbrauchen mehr Treibstoff.<\/li>\n<li>Die meisten Hubschauber-Unternehmen bieten eine mehrsprachige Audiof\u00fchrung an, um die Tour noch interessanter zu gestalten. Menschen, die mit ihren Reisef\u00fchrern gern interagieren, w\u00fcrden dies wohl eher unpers\u00f6nlich empfinden.<\/li>\n<li>Hubschrauber-Touren k\u00f6nnen sehr teuer sein; selbst die g\u00fcnstigste f\u00fcnfzehn-min\u00fctige Tour kann schon siebzig US-Dollar kosten.<\/li>\n<li>Auch m\u00fcssen Menschen, die mehr als 125kg wiegen, oft einen Aufschlag bezahlen. Daher empfiehlt es sich sehr vor der Buchung, die Bestimmungen des Unternehmens zu \u00fcberpr\u00fcfen.<\/li>\n<\/ul>\n<p><strong>Wer sollte eine Hubschrauber-Tour machen (wer nicht)?<\/strong><br \/>\nMenschen, die sich gern im Adrenalinrausch befinden, werden viel Spa\u00df auf einer Hubschrauber-Tour haben. Auch Fotografen, Kameraleute und Digital-K\u00fcnstler werden ihren Gefallen an dieser alternativen Sichtweise aus h\u00f6chster H\u00f6he finden. Hubschrauber-Touren sind etwas f\u00fcr jedermann, f\u00fcr den Alleinreisenden, f\u00fcr Paare und Familien. In einem Hubschrauber haben neben dem Piloten oft bis zu sieben Personen Platz, sodass Familien diese unvergessliche Zeit gemeinsam verbringen k\u00f6nnen. F\u00fcr Alleinreisende ist dies ein wunderbarer Weg Gleichgesinnte kennenzulernen \u2013 Menschen die weder vor H\u00f6he noch vor Abenteuer zur\u00fcck schrecken.<br \/>\nSchwangere Frauen, sollten ab der 35. Schwangerschaftswoche nicht mehr an einer solchen Tour teilnehmen. Auch Menschen mit Herzproblemen oder einer tiefgr\u00fcndigen Flugangst, sowie Menschen, die unter einer H\u00f6hen- oder Reisekrankheit leiden, sollten sich nicht zu einem solchen Unterhaltungsprogramm in h\u00f6chster H\u00f6he hinrei\u00dfen lassen.<\/p>\n","protected":false},"excerpt":{"rendered":"<p>Eine Tour mit dem Hubschrauber bietet ihren Flugg\u00e4sten eine atemberaubende Sicht \u00fcber Landschaften, historische Denkm\u00e4ler und Naturwunder. Firmen, die sich auf Hubschrauber-Touren spezialisiert haben, bieten oft ausschlie\u00dflich die Hubschrauberfl\u00fcge an. Einige Firmen aber, kombinieren den Flug ebenfalls mit Bus- oder Bahnfahrten. Hubschrauber-Touren k\u00f6nnen 15 Minuten aber auch den ganzen Tag, bzw. \u00fcber Nacht andauern. Die &#8230; <a title=\"Hubschrauberrundflug\" class=\"read-more\" href=\"https:\/\/www.grandcanyondeals.com\/de\/hubschrauberrundflug\/\" aria-label=\"Mehr Informationen \u00fcber Hubschrauberrundflug\">Weiterlesen &#8230;<\/a><\/p>\n","protected":false},"author":5,"featured_media":0,"parent":0,"menu_order":0,"comment_status":"open","ping_status":"open","template":"","meta":{"_acf_changed":false,"_seopress_robots_primary_cat":"","_seopress_titles_title":"","_seopress_titles_desc":"","_seopress_robots_index":"","footnotes":""},"type_of_tour":[9],"class_list":{"0":"post-353","1":"page","2":"type-page","3":"status-publish","5":"type_of_tour-yes"},"acf":[],"_links":{"self":[{"href":"https:\/\/www.grandcanyondeals.com\/de\/wp-json\/wp\/v2\/pages\/353","targetHints":{"allow":["GET"]}}],"collection":[{"href":"https:\/\/www.grandcanyondeals.com\/de\/wp-json\/wp\/v2\/pages"}],"about":[{"href":"https:\/\/www.grandcanyondeals.com\/de\/wp-json\/wp\/v2\/types\/page"}],"author":[{"embeddable":true,"href":"https:\/\/www.grandcanyondeals.com\/de\/wp-json\/wp\/v2\/users\/5"}],"replies":[{"embeddable":true,"href":"https:\/\/www.grandcanyondeals.com\/de\/wp-json\/wp\/v2\/comments?post=353"}],"version-history":[{"count":0,"href":"https:\/\/www.grandcanyondeals.com\/de\/wp-json\/wp\/v2\/pages\/353\/revisions"}],"wp:attachment":[{"href":"https:\/\/www.grandcanyondeals.com\/de\/wp-json\/wp\/v2\/media?parent=353"}],"wp:term":[{"taxonomy":"type_of_tour","embeddable":true,"href":"https:\/\/www.grandcanyondeals.com\/de\/wp-json\/wp\/v2\/type_of_tour?post=353"}],"curies":[{"name":"wp","href":"https:\/\/api.w.org\/{rel}","templated":true}]}}