{"id":357,"date":"2015-03-12T02:16:08","date_gmt":"2015-03-12T02:16:08","guid":{"rendered":"http:\/\/clickmantis.wpengine.com\/?page_id=357"},"modified":"2016-09-20T15:30:02","modified_gmt":"2016-09-20T15:30:02","slug":"busreisen","status":"publish","type":"page","link":"https:\/\/www.grandcanyondeals.com\/de\/busreisen\/","title":{"rendered":"Busreisen"},"content":{"rendered":"<p>Einige Reiseunternehmen, die sich auf Bustouren spezialisiert haben, bieten unterschiedliche Touren an, darunter sowohl reine Bustouren, als auch in Kombination mit Bus-, Kleinflugzeug-, Hubschrauber- oder\u00a0 Rafting-Touren. Ein Fahrgast einer solchen Tour zu sein, bei der nicht selbst gefahren werden muss, ist toll, denn wenn Sie selbst am Steuer sitzen, k\u00f6nnen Sie keine Fotos machen. Aus dem Bus heraus k\u00f6nnen Sie so viele Fotos knipsen, wie Ihr Herz begehrt. Manche Bustouren bieten ihren Fahrg\u00e4sten eine Audiof\u00fchrung, w\u00e4hrend auf anderen Touren der Busfahrer diese F\u00fchrung \u00fcbernimmt und \u00fcber die Geschichte, Geografie und Kultur der Region informiert.<\/p>\n<p><strong>Vorteile einer Bustour\u00a0<\/strong><\/p>\n<ul type=\"disc\">\n<li>Da Sie nicht selber fahren m\u00fcssen, k\u00f6nnen Sie die Landschaft genie\u00dfen und Fotos machen.<\/li>\n<li>Auf einer Busfahrt erh\u00e4lt man einen besseren geografischen und kulturellen Eindruck der Region.<\/li>\n<li>Bustouren k\u00f6nnen billiger und effizienter sein, als andere Touren.<\/li>\n<li>Mit dem Bus k\u00f6nnen mehrere Sehensw\u00fcrdigkeiten innerhalb eines Tages erreicht werden.<\/li>\n<li>Eine Busfahrt eignet sich f\u00fcr Touren durch Gegenden, die Ihnen fremd sind und bietet die M\u00f6glichkeit, Sie an Orte zu bringen, die Sie allein eventuell nicht finden w\u00fcrden.<\/li>\n<\/ul>\n<p><strong>Nachteile einer Bustour\u00a0<\/strong><\/p>\n<ul type=\"disc\">\n<li>Eine Bustour ist nicht individuell anpassbar, deshalb kann eventuell das Gef\u00fchl aufkommen, dass einem die Eigenst\u00e4ndigkeit fehlt.<\/li>\n<li>Wenn Sie nicht gerade eine Privatreise buchen, k\u00f6nnen Sie sich die Mitreisenden leider nicht aussuchen.<\/li>\n<li>Die Pausen w\u00e4hrend einer Bustour k\u00f6nnen manchmal so kurz sein, dass nicht genug Zeit bleibt, um alles zu sehen und zu genie\u00dfen.<\/li>\n<li>Auch muss man sich auf lange Strecken durch \u00f6de Landschaften einstellen, die auf dem Weg von einer Sehensw\u00fcrdigkeit zur anderen, immer wieder vorkommen k\u00f6nnen; und mit einem alternativen Unterhaltungsprogramm vorsorgen.<\/li>\n<li>Stellen Sie sorgf\u00e4ltige Nachforschungen an, denn eine Busreise, die nicht mit ihrem Interesse \u00fcbereinstimmt, kann Ihnen den l\u00e4ngsten Tag Ihres Lebens bescheren.<\/li>\n<\/ul>\n<p><strong>Wer sollte fahren und wer sollte lieber zu Fu\u00df gehen?<\/strong><br \/>\nMenschen die an Reisekrankheit leiden sollten eine Busreise meiden. Wenn Sie mit Kleinkindern reisen, sollte Ihr Kind mit einer derartigen Reise bereits vertraut sein, denn ein schreiendes Kind kann diese Tour f\u00fcr alle anderen Mitreisenden verderben. Wenn Sie von Ihrem Partner oder Freund erst lange zu einer solchen Tour \u00fcberredet werden m\u00fcssen, kann es sein, dass Sie die Tour nicht genie\u00dfen werden, besonders, wenn diese nicht mit Ihren Interessen \u00fcbereinstimmt. Jemand, der gern die Kontrolle \u00fcber das Fahrzeug hat, in dem er oder sie sich befindet, wird bestimmt Probleme damit haben, dass w\u00e4hrend der gesamten Tour der Busfahrer am Steuer sitzt.<\/p>\n<p>Ein Bus ist ideal f\u00fcr Menschen, die auf einer Reise gern neue Leute und Orte kennenlernen. Es ist etwas Besonderes ein oder zwei Tage mit einer Gruppe fremder Menschen unterwegs zu sein. Wenn Sie mit Familie oder Arbeitskollegen reisen, k\u00f6nnen Sie die einmaligen Erlebnisse dieser Tour dazu nutzen, Ihre Beziehung zueinander zu verbessern. Eine Busfahrt ist zudem optimal f\u00fcr Menschen, die nicht selber Fahren k\u00f6nnen oder d\u00fcrfen, oder aber es nicht m\u00f6gen, sich in fremden Gegenden zu Recht finden zu m\u00fcssen.<\/p>\n","protected":false},"excerpt":{"rendered":"<p>Einige Reiseunternehmen, die sich auf Bustouren spezialisiert haben, bieten unterschiedliche Touren an, darunter sowohl reine Bustouren, als auch in Kombination mit Bus-, Kleinflugzeug-, Hubschrauber- oder\u00a0 Rafting-Touren. Ein Fahrgast einer solchen Tour zu sein, bei der nicht selbst gefahren werden muss, ist toll, denn wenn Sie selbst am Steuer sitzen, k\u00f6nnen Sie keine Fotos machen. Aus &#8230; <a title=\"Busreisen\" class=\"read-more\" href=\"https:\/\/www.grandcanyondeals.com\/de\/busreisen\/\" aria-label=\"Mehr Informationen \u00fcber Busreisen\">Weiterlesen &#8230;<\/a><\/p>\n","protected":false},"author":5,"featured_media":0,"parent":0,"menu_order":0,"comment_status":"open","ping_status":"open","template":"","meta":{"_acf_changed":false,"_seopress_robots_primary_cat":"","_seopress_titles_title":"","_seopress_titles_desc":"","_seopress_robots_index":"","footnotes":""},"type_of_tour":[9],"class_list":{"0":"post-357","1":"page","2":"type-page","3":"status-publish","5":"type_of_tour-yes"},"acf":[],"_links":{"self":[{"href":"https:\/\/www.grandcanyondeals.com\/de\/wp-json\/wp\/v2\/pages\/357","targetHints":{"allow":["GET"]}}],"collection":[{"href":"https:\/\/www.grandcanyondeals.com\/de\/wp-json\/wp\/v2\/pages"}],"about":[{"href":"https:\/\/www.grandcanyondeals.com\/de\/wp-json\/wp\/v2\/types\/page"}],"author":[{"embeddable":true,"href":"https:\/\/www.grandcanyondeals.com\/de\/wp-json\/wp\/v2\/users\/5"}],"replies":[{"embeddable":true,"href":"https:\/\/www.grandcanyondeals.com\/de\/wp-json\/wp\/v2\/comments?post=357"}],"version-history":[{"count":0,"href":"https:\/\/www.grandcanyondeals.com\/de\/wp-json\/wp\/v2\/pages\/357\/revisions"}],"wp:attachment":[{"href":"https:\/\/www.grandcanyondeals.com\/de\/wp-json\/wp\/v2\/media?parent=357"}],"wp:term":[{"taxonomy":"type_of_tour","embeddable":true,"href":"https:\/\/www.grandcanyondeals.com\/de\/wp-json\/wp\/v2\/type_of_tour?post=357"}],"curies":[{"name":"wp","href":"https:\/\/api.w.org\/{rel}","templated":true}]}}