{"id":362,"date":"2015-03-12T02:21:03","date_gmt":"2015-03-12T02:21:03","guid":{"rendered":"http:\/\/clickmantis.wpengine.com\/?page_id=362"},"modified":"2016-02-11T15:56:49","modified_gmt":"2016-02-11T15:56:49","slug":"kombinationsreisen","status":"publish","type":"page","link":"https:\/\/www.grandcanyondeals.com\/de\/kombinationsreisen\/","title":{"rendered":"Kombinationsreisen"},"content":{"rendered":"<p>Eine Kombinationstour ist sehr geeignet, um zahlreiche Sehensw\u00fcrdigkeiten zu sehen und verschieden Transportm\u00f6glichkeiten auszuprobieren. Reiseunternehmen bieten Kombinationstouren als Alternative zu traditionellen Reisen an. Sie k\u00f6nnen diese Art von Touren bei professionellen Reisef\u00fchrern direkt buchen oder aber \u00fcber ein etabliertes Reiseunternehmen.<\/p>\n<p>Es ist aber durchaus wichtig, sich vor der Buchung einer Reise gr\u00fcndlich zu erkundigen, besonders dann, wenn Sie eine Tour mit potenziellem Risiko w\u00e4hlen, wie eine Hubschrauber- oder Wildwassertour. Sie sollten sicherstellen, dass Unternehmen oder Einzelpersonen, die die Tour veranstalten, auch zugelassen sind dies zu tun, und dass Sie sich in sicheren H\u00e4nden befinden. Es gibt verschieden Arten von Kombinationstouren; Urlaubstouren mit verschiedenen Aktivit\u00e4ten beinhalten Touren mit dem Hubschrauber, Kleinflugzeug, Bus, sowie Gel\u00e4nde- und Wildwassertouren.<\/p>\n<p><strong>Vorteile einer Kombinationstour<\/strong><\/p>\n<ul type=\"disc\">\n<li>Sollten Sie eine kurze Aufmerksamkeitsspanne haben, so werden Sie Gefallen an den viele verschiedene Aktivit\u00e4ten diese Tour finden.<\/li>\n<li>Personen, die nur wenig Zeit f\u00fcr eine Reise haben, k\u00f6nnen schon an einem einzigen Nachmittag Sightseeing und Abenteuer miteinander verbinden.<\/li>\n<li>Eine gute Kombinationstour wird Ihnen das Gef\u00fchl geben, verschiedene Urlaubserfahrung f\u00fcr den Preis einer einzigen gemacht zu haben.<\/li>\n<li>Wenn Sie einen Teil der Tour nicht m\u00f6gen, so bleibt immer noch etwas, was Ihnen Freude bereiten kann.<\/li>\n<\/ul>\n<p><strong>Nachteile einer Kombinationstour<\/strong><\/p>\n<ul type=\"disc\">\n<li>Mehrere Aktivit\u00e4ten lassen f\u00fcr die einzelne Aktivit\u00e4t nur eine beschr\u00e4nkte Zeit \u00fcbrig.<\/li>\n<li>Es k\u00f6nnte durchaus stressig sein, an den vielen Aktivit\u00e4ten in solch kurzer Zeit teilzunehmen.<\/li>\n<li>Viele Touren scheinen ein gutes Preisleistungsverh\u00e4ltnis zu haben, trotzdem sollten Sie die Angebote der verschiedenen Reiseunternehmen vergleichen, bevor Sie sich f\u00fcr eine Tour entscheiden.<\/li>\n<li>Achten Sie darauf, dass ein Teil der Tour kinderfreundlich sein kann, andere vielleicht nicht.<\/li>\n<\/ul>\n<p><strong>Kombinierte Touren- Passend f\u00fcr Sie?\u00a0<\/strong><\/p>\n<p>Eine Tour mit verschiedenen Aktivit\u00e4ten kann genug Unterhaltung f\u00fcr eine ganze Woche bedeuten, doch ist sie sehr von k\u00f6rperlicher Form und Pers\u00f6nlichkeitstypen abh\u00e4ngig und ist deshalb nicht jedermanns Sache. Wenn Sie eine k\u00f6rperliche Behinderung haben, so k\u00f6nnen Sie z.B. am Tour-Abschnitt mit dem Bus teilnehmen, nicht aber an einer Rafting-Tour. Kleinkinder, schwangere Frauen oder Personen mit ernsthaften Verletzungen sollten in der Regel lieber keine Kombinationstouren bestreiten. Wenn Sie kein Interesse an Gruppentouren haben, sollten Sie lieber eine Privattour buchen.<\/p>\n<p>Menschen, die einen ausgepr\u00e4gten Gemeinschaftssinn besitzen und ein Abenteuer erleben m\u00f6chten, werden auf einer solchen Tour viele Geleichgesinnte antreffen, mit denen die Gruppenaktivit\u00e4ten in fremder Umgebung viel Spa\u00df bedeuten k\u00f6nnen. Viel Abwechslung und st\u00e4ndig neue Landschaften l\u00e4sst keine Langeweile aufkommen und sportliche Abenteurer kommen an nur einem Tag gleich mehrfach auf ihre Kosten. Sie brauchen aber kein Olympiateilnehmer zu sein, um bei einer Kombinationstour Spa\u00df zu haben, da nicht jede Tour auch sportliche Aktivit\u00e4ten beinhaltet, so kommen ebenfalls Fotografen und andere K\u00fcnstler bei der landschaftlichen Vielfalt, die auf einer Kombinationstour pr\u00e4sentiert wird auf ihre Kosten.<\/p>\n","protected":false},"excerpt":{"rendered":"<p>Eine Kombinationstour ist sehr geeignet, um zahlreiche Sehensw\u00fcrdigkeiten zu sehen und verschieden Transportm\u00f6glichkeiten auszuprobieren. Reiseunternehmen bieten Kombinationstouren als Alternative zu traditionellen Reisen an. Sie k\u00f6nnen diese Art von Touren bei professionellen Reisef\u00fchrern direkt buchen oder aber \u00fcber ein etabliertes Reiseunternehmen. Es ist aber durchaus wichtig, sich vor der Buchung einer Reise gr\u00fcndlich zu erkundigen, besonders &#8230; <a title=\"Kombinationsreisen\" class=\"read-more\" href=\"https:\/\/www.grandcanyondeals.com\/de\/kombinationsreisen\/\" aria-label=\"Mehr Informationen \u00fcber Kombinationsreisen\">Weiterlesen &#8230;<\/a><\/p>\n","protected":false},"author":5,"featured_media":0,"parent":0,"menu_order":0,"comment_status":"open","ping_status":"open","template":"","meta":{"_acf_changed":false,"_seopress_robots_primary_cat":"","_seopress_titles_title":"","_seopress_titles_desc":"","_seopress_robots_index":"","footnotes":""},"type_of_tour":[9],"class_list":{"0":"post-362","1":"page","2":"type-page","3":"status-publish","5":"type_of_tour-yes"},"acf":[],"_links":{"self":[{"href":"https:\/\/www.grandcanyondeals.com\/de\/wp-json\/wp\/v2\/pages\/362","targetHints":{"allow":["GET"]}}],"collection":[{"href":"https:\/\/www.grandcanyondeals.com\/de\/wp-json\/wp\/v2\/pages"}],"about":[{"href":"https:\/\/www.grandcanyondeals.com\/de\/wp-json\/wp\/v2\/types\/page"}],"author":[{"embeddable":true,"href":"https:\/\/www.grandcanyondeals.com\/de\/wp-json\/wp\/v2\/users\/5"}],"replies":[{"embeddable":true,"href":"https:\/\/www.grandcanyondeals.com\/de\/wp-json\/wp\/v2\/comments?post=362"}],"version-history":[{"count":0,"href":"https:\/\/www.grandcanyondeals.com\/de\/wp-json\/wp\/v2\/pages\/362\/revisions"}],"wp:attachment":[{"href":"https:\/\/www.grandcanyondeals.com\/de\/wp-json\/wp\/v2\/media?parent=362"}],"wp:term":[{"taxonomy":"type_of_tour","embeddable":true,"href":"https:\/\/www.grandcanyondeals.com\/de\/wp-json\/wp\/v2\/type_of_tour?post=362"}],"curies":[{"name":"wp","href":"https:\/\/api.w.org\/{rel}","templated":true}]}}