{"id":368,"date":"2015-03-12T12:43:59","date_gmt":"2015-03-12T12:43:59","guid":{"rendered":"http:\/\/clickmantis.wpengine.com\/?page_id=368"},"modified":"2016-02-11T16:28:20","modified_gmt":"2016-02-11T16:28:20","slug":"rafting-touren","status":"publish","type":"page","link":"https:\/\/www.grandcanyondeals.com\/de\/rafting-touren\/","title":{"rendered":"Rafting-Touren"},"content":{"rendered":"<p>Wenn Sie w\u00e4hrend Ihres Urlaubes gern sportliche Abenteuer erleben, dann ist eine Rafting-Tour ein gro\u00dfartiger Weg, um neue Orte und Leute kennenzulernen. Eine Rafting-Tour kann bei einem Reiseunternehmen gebucht werden. W\u00e4hrend einige Unternehmen ausschlie\u00dflich Rafting-Touren anbieten, kann eine Rafting-Tour oft auch ein Bestandteil einer kombinierten Tour wie z.B. mit dem Bus oder Flugzeug sein.<\/p>\n<p>Im Vergleich zu anderen Urlaubserlebnissen, sind Rafting Touren ein sehr g\u00fcnstiger Spa\u00df f\u00fcr Familien oder kleine Gruppen. Ob Sie nun allein oder in Gemeinschaft reisen, die Zusammenarbeit in der Gruppe, die f\u00fcr eine erfolgreiche Rafting-Tour grundlegend ist, ist eine unvergessliche Lernerfahrung.<\/p>\n<p><strong>Vorteile einer Rafting-Tour\u00a0<\/strong><\/p>\n<ul type=\"disc\">\n<li>Sie bet\u00e4tigen sich w\u00e4hrend des Sightseeings k\u00f6rperlich.<\/li>\n<li>Videos und Fotos Ihres Erlebnisses sind nach der Tour beim Reiseunternehmen erh\u00e4ltlich, denn Fotos mit einem Paddel in der Hand, selbst zu knipsen, w\u00e4re einfach unm\u00f6glich. Daher ist dies eine super Zusatzleistung des Unternehmens, um Ihr Erlebnis unvergesslich zu machen.<\/li>\n<li>Die rasende Geschwindigkeit samt Adrenalinsto\u00df einer Wildwassertour ist kaum zu \u00fcbertreffen.<\/li>\n<li>Auf einer Rafting-Tour k\u00f6nnen Familien und kollegiale Gruppen wichtige Aspekte der Gemeinschaftsarbeit erlernen.<\/li>\n<li>Eine Wildwassertour kann von Jung und Alt zusammen erlebt werden (nat\u00fcrlich muss ein jeder die Mindestanforderungen erf\u00fcllen) und eignet sich daher gro\u00dfartig als Gruppenausflug.<\/li>\n<\/ul>\n<p><strong>Nachteile einer Rafting Tour<\/strong><\/p>\n<ul type=\"disc\">\n<li>Wenn Sie weinerliche und sorgenvolle Mitfahrer auf Ihrer Wildwassertour haben, so m\u00fcssen Sie diese die gesamte Tour \u00fcber ertragen.<\/li>\n<li>Ihre vollste Konzentration ist bei der Navigation durch das rei\u00dfende Gew\u00e4sser, vorbei an vielen Hindernissen, gefordert, deshalb fliegt die wundersch\u00f6ne Umgebung f\u00f6rmlich an Ihnen vorbei und h\u00e4ufig bietet sich kaum eine M\u00f6glichkeit diese in Ruhe zu genie\u00dfen.<\/li>\n<li>Die Tour hat ein gewisses Risiko; s\u00e4mtliche Reisef\u00fchrer sind zwar f\u00fcr diese strapazierenden Sporttouren ausgebildet, trotzdem \u00fcbernehmen die Teilnehmer dieser Aktivit\u00e4t die volle Verantwortung bei Verletzungen oder Tod.<\/li>\n<li>Eine gef\u00fchrte Rafting-Tour kann durchaus teuer sein.<\/li>\n<\/ul>\n<p><strong>Rafting-Touren &#8211; Sollten Sie zum Paddel greifen oder doch lieber an Land bleiben?\u00a0<\/strong><\/p>\n<p>Wenn Sie k\u00f6rperlich nicht fit sind, sollten Sie sich lieber f\u00fcr eine andere Tour entscheiden. Die folgenden Personen sollten nicht an einer Rafting-Tour teilnehmen:<\/p>\n<ul type=\"disc\">\n<li>Schwangere Frauen, Babys und Kleinkinder<\/li>\n<li>Menschen mit Herz- oder Atemproblemen<\/li>\n<li>Verletzte<\/li>\n<li>Nichtschwimmer oder Menschen mit Wasserangst.<\/li>\n<\/ul>\n<p>Bitte beachten Sie, dass Rafting-Touren sich oft sehr unterscheiden. So gibt es Familienfahrten auf sanften Gew\u00e4ssern und Wildwasserabenteuer f\u00fcr die sportlichen Abenteurer, die in freier Laufbahn Ihre Grenzen testen m\u00f6chten. Ein \u201eTeamplayer\u201c ist eine ideale Person f\u00fcr eine Rafting-Tour. Wenn Sie es genie\u00dfen unter Leuten zu sein und als Team eine kniffelige Situation zu meistern, dann werden Sie die k\u00f6rperliche und geistige Herausforderung einer Rafting-Tour sch\u00e4tzen.<\/p>\n","protected":false},"excerpt":{"rendered":"<p>Wenn Sie w\u00e4hrend Ihres Urlaubes gern sportliche Abenteuer erleben, dann ist eine Rafting-Tour ein gro\u00dfartiger Weg, um neue Orte und Leute kennenzulernen. Eine Rafting-Tour kann bei einem Reiseunternehmen gebucht werden. W\u00e4hrend einige Unternehmen ausschlie\u00dflich Rafting-Touren anbieten, kann eine Rafting-Tour oft auch ein Bestandteil einer kombinierten Tour wie z.B. mit dem Bus oder Flugzeug sein. Im &#8230; <a title=\"Rafting-Touren\" class=\"read-more\" href=\"https:\/\/www.grandcanyondeals.com\/de\/rafting-touren\/\" aria-label=\"Mehr Informationen \u00fcber Rafting-Touren\">Weiterlesen &#8230;<\/a><\/p>\n","protected":false},"author":5,"featured_media":0,"parent":0,"menu_order":0,"comment_status":"open","ping_status":"open","template":"","meta":{"_acf_changed":false,"_seopress_robots_primary_cat":"","_seopress_titles_title":"","_seopress_titles_desc":"","_seopress_robots_index":"","footnotes":""},"type_of_tour":[9],"class_list":{"0":"post-368","1":"page","2":"type-page","3":"status-publish","5":"type_of_tour-yes"},"acf":[],"_links":{"self":[{"href":"https:\/\/www.grandcanyondeals.com\/de\/wp-json\/wp\/v2\/pages\/368","targetHints":{"allow":["GET"]}}],"collection":[{"href":"https:\/\/www.grandcanyondeals.com\/de\/wp-json\/wp\/v2\/pages"}],"about":[{"href":"https:\/\/www.grandcanyondeals.com\/de\/wp-json\/wp\/v2\/types\/page"}],"author":[{"embeddable":true,"href":"https:\/\/www.grandcanyondeals.com\/de\/wp-json\/wp\/v2\/users\/5"}],"replies":[{"embeddable":true,"href":"https:\/\/www.grandcanyondeals.com\/de\/wp-json\/wp\/v2\/comments?post=368"}],"version-history":[{"count":0,"href":"https:\/\/www.grandcanyondeals.com\/de\/wp-json\/wp\/v2\/pages\/368\/revisions"}],"wp:attachment":[{"href":"https:\/\/www.grandcanyondeals.com\/de\/wp-json\/wp\/v2\/media?parent=368"}],"wp:term":[{"taxonomy":"type_of_tour","embeddable":true,"href":"https:\/\/www.grandcanyondeals.com\/de\/wp-json\/wp\/v2\/type_of_tour?post=368"}],"curies":[{"name":"wp","href":"https:\/\/api.w.org\/{rel}","templated":true}]}}