{"id":378,"date":"2015-03-12T12:54:00","date_gmt":"2015-03-12T12:54:00","guid":{"rendered":"http:\/\/clickmantis.wpengine.com\/?page_id=378"},"modified":"2015-03-20T11:36:00","modified_gmt":"2015-03-20T11:36:00","slug":"randonnees-guidees","status":"publish","type":"page","link":"https:\/\/www.grandcanyondeals.com\/fr\/randonnees-guidees\/","title":{"rendered":"Randonn\u00e9es guid\u00e9es"},"content":{"rendered":"<p>Les excursions \u00e0 pied sont propos\u00e9es par des agences touristiques et \u00e9galement par des guides professionnels. M\u00ealant tourisme et exercice, les randonn\u00e9es guid\u00e9es sont une exp\u00e9rience particuli\u00e8re de vacances en ext\u00e9rieur. Certaines agences de randonn\u00e9e guid\u00e9e proposent des combinaisons qui m\u00e9langent randonn\u00e9es et vol en h\u00e9licopt\u00e8re ou avion par exemple. Les randonn\u00e9es guid\u00e9es peuvent durer une heure ou s&rsquo;\u00e9tendre au-del\u00e0 de la journ\u00e9e avec camping \u00e0 la belle \u00e9toile.<\/p>\n<p>Moyen id\u00e9al pour rencontrer d&rsquo;autres aventuriers, une randonn\u00e9e guid\u00e9e est une bonne mani\u00e8re de rester en forme en partant en vacances. Il est important de bien se renseigner avant de r\u00e9server une randonn\u00e9e\u00a0guid\u00e9e\u00a0: en vous assurant que vous choisissez une randonn\u00e9e qui correspond \u00e0 vos int\u00e9r\u00eats et \u00e0 vos capacit\u00e9s physiques, vous vous garantissez des vacances positives et m\u00e9morables.<\/p>\n<h3><strong>Avantages des randonn\u00e9es guid\u00e9es\u00a0<\/strong><\/h3>\n<ul type=\"disc\">\n<li>Un guide de randonn\u00e9e exp\u00e9riment\u00e9 peut vous montrer des points de vue que vous ne pourriez pas trouver seul.<\/li>\n<li>Une randonn\u00e9e guid\u00e9e vous offre une exp\u00e9rience face \u00e0 face avec la nature.<\/li>\n<li>Une des excursions touristiques les plus sportives qui soit qui vous donnera une s\u00e9ance d&rsquo;entra\u00eenement compl\u00e8te dans un environnement incomparable\u00a0?<\/li>\n<li>Faire de la randonn\u00e9e en vacances vous permet de rencontrer d&rsquo;autres aventuriers sportifs.<\/li>\n<li>Les randonn\u00e9es guid\u00e9es sont opportunit\u00e9s exceptionnelles de photos et de vid\u00e9os pour capturer les souvenirs de votre voyage.<\/li>\n<\/ul>\n<h3><strong>Inconv\u00e9nients des randonn\u00e9es guid\u00e9es<\/strong><\/h3>\n<ul type=\"disc\">\n<li>Si vous n&rsquo;\u00eates pas sportif, il vous sera peut-\u00eatre difficile de garder le m\u00eame rythme que les randonneurs habitu\u00e9s, plus exp\u00e9riment\u00e9s.<\/li>\n<li>D&rsquo;un autre c\u00f4t\u00e9, si vous marchez tous les jours et \u00eates en pleine forme, vous pourriez vous ennuyer avec un groupe inexp\u00e9riment\u00e9 de promeneurs du dimanche.<\/li>\n<li>Comme vous marchez en groupe, il se peut que vous n&rsquo;ayez pas le temps de vous arr\u00eater pour observer un point de vue pittoresque qui vous int\u00e9resse.<\/li>\n<li>Les gens enclins aux allergies pourraient trouver la randonn\u00e9e guid\u00e9e difficile, m\u00eame avec des m\u00e9dicaments contre l&rsquo;allergie ou un inhalateur.<\/li>\n<li>Si vous partez en randonn\u00e9e avec des enfants, vous aurez des responsabilit\u00e9s accrues, les amuser, les hydrater et les prot\u00e9ger du soleil.<\/li>\n<\/ul>\n<h3><strong>Randonn\u00e9es guid\u00e9es\u00a0: devez-vous enfiler vos chaussures de marche ou passer votre chemin\u00a0?<\/strong><strong>\u00a0<\/strong><\/h3>\n<p>Si vous avez un probl\u00e8me de mobilit\u00e9, une randonn\u00e9e guid\u00e9e n&rsquo;est pas l&rsquo;excursion qu&rsquo;il vous faut. Les personnes souffrant de probl\u00e8mes cardio-vasculaires ou de coeur devraient \u00e9viter les randonn\u00e9es guid\u00e9es. M\u00eame si les guides ont l&rsquo;exp\u00e9rience de la RCR, vous pourriez vous trouver \u00e0 des centaines de kilom\u00e8tres de l&rsquo;h\u00f4pital le plus proche quand vous serez \u00e9puis\u00e9. Les b\u00e9b\u00e9s et les petits enfants ne devraient pas faire de randonn\u00e9e guid\u00e9e et les femmes enceintes devraient consulter leur m\u00e9decin pour s&rsquo;assurer qu&rsquo;elles sont en bonne sant\u00e9 avant de r\u00e9server une randonn\u00e9e.<\/p>\n<p>Si vous \u00eates du genre sportif et ouvert et aimez les activit\u00e9s de plein air, une randonn\u00e9e guid\u00e9e est une saine mani\u00e8re d&rsquo;explorer de nouvelles r\u00e9gions. Une randonn\u00e9e guid\u00e9e peut \u00eatre intense, physiquement difficile et \u00eatre une exp\u00e9rience gratifiante, o\u00f9 vous aurez l&rsquo;occasion de vous faire des amis pour toujours et renforcer vos relations avec votre famille et vos coll\u00e8gues. Si vous aimez prendre des photos en vacances, une randonn\u00e9e guid\u00e9e vous donnera acc\u00e8s \u00e0 des points de vue stup\u00e9fiants. Les photographes et autres artistes appr\u00e9cieront l&rsquo;inspiration artistique de la beaut\u00e9 naturelle d&rsquo;une randonn\u00e9e.<\/p>\n","protected":false},"excerpt":{"rendered":"<p>Les excursions \u00e0 pied sont propos\u00e9es par des agences touristiques et \u00e9galement par des guides professionnels. M\u00ealant tourisme et exercice, les randonn\u00e9es guid\u00e9es sont une exp\u00e9rience particuli\u00e8re de vacances en ext\u00e9rieur. Certaines agences de randonn\u00e9e guid\u00e9e proposent des combinaisons qui m\u00e9langent randonn\u00e9es et vol en h\u00e9licopt\u00e8re ou avion par exemple. Les randonn\u00e9es guid\u00e9es peuvent durer &#8230; <a title=\"Randonn\u00e9es guid\u00e9es\" class=\"read-more\" href=\"https:\/\/www.grandcanyondeals.com\/fr\/randonnees-guidees\/\" aria-label=\"En savoir plus sur Randonn\u00e9es guid\u00e9es\">Lire plus<\/a><\/p>\n","protected":false},"author":5,"featured_media":0,"parent":0,"menu_order":0,"comment_status":"open","ping_status":"open","template":"","meta":{"_acf_changed":false,"_seopress_robots_primary_cat":"","_seopress_titles_title":"","_seopress_titles_desc":"","_seopress_robots_index":"","footnotes":""},"type_of_tour":[9],"class_list":{"0":"post-378","1":"page","2":"type-page","3":"status-publish","5":"type_of_tour-yes"},"acf":[],"_links":{"self":[{"href":"https:\/\/www.grandcanyondeals.com\/fr\/wp-json\/wp\/v2\/pages\/378","targetHints":{"allow":["GET"]}}],"collection":[{"href":"https:\/\/www.grandcanyondeals.com\/fr\/wp-json\/wp\/v2\/pages"}],"about":[{"href":"https:\/\/www.grandcanyondeals.com\/fr\/wp-json\/wp\/v2\/types\/page"}],"author":[{"embeddable":true,"href":"https:\/\/www.grandcanyondeals.com\/fr\/wp-json\/wp\/v2\/users\/5"}],"replies":[{"embeddable":true,"href":"https:\/\/www.grandcanyondeals.com\/fr\/wp-json\/wp\/v2\/comments?post=378"}],"version-history":[{"count":0,"href":"https:\/\/www.grandcanyondeals.com\/fr\/wp-json\/wp\/v2\/pages\/378\/revisions"}],"wp:attachment":[{"href":"https:\/\/www.grandcanyondeals.com\/fr\/wp-json\/wp\/v2\/media?parent=378"}],"wp:term":[{"taxonomy":"type_of_tour","embeddable":true,"href":"https:\/\/www.grandcanyondeals.com\/fr\/wp-json\/wp\/v2\/type_of_tour?post=378"}],"curies":[{"name":"wp","href":"https:\/\/api.w.org\/{rel}","templated":true}]}}