{"id":1741,"date":"2015-03-23T21:19:41","date_gmt":"2015-03-23T21:19:41","guid":{"rendered":"http:\/\/clickmantis.wpengine.com\/?page_id=1741"},"modified":"2021-03-04T18:26:00","modified_gmt":"2021-03-04T18:26:00","slug":"compagnie-di-tour-per-il-grand-canyon","status":"publish","type":"page","link":"https:\/\/www.grandcanyondeals.com\/it\/compagnie-di-tour-per-il-grand-canyon\/","title":{"rendered":"Compagnie di tour per il Grand Canyon"},"content":{"rendered":"<p>Per essere certi che la vostra visita al Grand Canyon sia come l\u2019avete sempre sognata, \u00e8 essenziale scegliere la giusta compagnia di tour \u2013 dopotutto, lo stile della compagnia determiner\u00e0 lo stile del vostro viaggio! Esiste una gran variet\u00e0 di compagnie che operano attorno al Grand Canyon, e ognuna di esse si differenzia dalle altre per il tipo di esperienza e \u201csensazione\u201d offerte.<\/p>\n<p>Quando si sceglie una compagnia di tour, bisogna porsi numerose domande. Per esempio, volete visitare il Canyon rispettando un budget di spesa, o preferite un tour di lusso esclusivo (adeguando il prezzo)? Vi \u00e8 sufficiente una semplice visita in pullman, o il vostro Grand Canyon da sogno sarebbe incompleto senza un tour tutto-incluso \u2013 che vi permetter\u00e0 di godere del Grand Canyon da svariate prospettive, vivendo diverse avventure? Preferite l\u2019intimit\u00e0 di una piccola compagnia o l\u2019 impeccabile qualit\u00e0 che solo una grande azienda pu\u00f2 garantire? Preferireste un tour che includa tutti gli spostamenti \u2013 portandovi dal Grand Canyon a Las Vegas, per esempio, prima di continuare la vostra avventura? O magari sarebbe meglio per voi raggiungere autonomamente il Grand Canyon e lavorare poi con una compagnia che operi direttamente fuori dal Parco Nazionale del Grand Canyon o dell\u2019Ovest Grand Canyon?<\/p>\n<p>Dato il vasto numero di compagnie di tour disponibili, cos\u00ec come vaste sono le loro affinit\u00e0 e differenze, fare una scelta potrebbe sembrare a dir poco arduo. Ecco perch\u00e9 il Grand Canyon Deals si assicura che abbiate tutto ci\u00f2 che vi occorre per fare la scelta pi\u00f9 consapevole possibile, garantendovi che il vostro Grand Canyon sar\u00e0 un sogno che diventa realt\u00e0. Dopotutto, con cos\u00ec tante opzioni tra cui scegliere, c\u2019\u00e8 una compagnia di tour adatta ad ognuno di voi!<strong><em>&nbsp;<\/em><\/strong><\/p>\n<h3><strong><em>Compagnie di tour per il Grand Canyon:<\/em><\/strong><\/h3>\n<p><strong><em>Maverick Helicopters Tours<\/em><\/strong><\/p>\n<p>La Maverick Helicopters \u00e8 esperta nel fornire ad ogni ospite un\u2019esperienza VIP personalizzata. Offre diversi tour prestigiosi \u2013 molti dei quali con degli extra inclusi \u2013 e dei servizi completi da Las Vegas.<\/p>\n<p><strong><em><a href=\"http:\/\/www.grandcanyondeals.com\/it\/tour-company\/papillon-tour-in-elicottero\/\">Papillon Helicopter Tours<\/a><\/em><\/strong><\/p>\n<p>La Papillon offre voli per piccoli gruppi con piloti esperti in grado di percorrere l\u2019intero Canyon \u2013 ci\u00f2 significa che potrete godere di panorami che diversamente sarebbero impossibili da raggiungere! Servizi da Las Vegas o dall\u2019Ovest Canyon o dal South Rim.<\/p>\n","protected":false},"excerpt":{"rendered":"<p>Per essere certi che la vostra visita al Grand Canyon sia come l\u2019avete sempre sognata, \u00e8 essenziale scegliere la giusta compagnia di tour \u2013 dopotutto, lo stile della compagnia determiner\u00e0 lo stile del vostro viaggio! Esiste una gran variet\u00e0 di compagnie che operano attorno al Grand Canyon, e ognuna di esse si differenzia dalle altre &#8230; <a title=\"Compagnie di tour per il Grand Canyon\" class=\"read-more\" href=\"https:\/\/www.grandcanyondeals.com\/it\/compagnie-di-tour-per-il-grand-canyon\/\" aria-label=\"Per saperne di pi\u00f9 su Compagnie di tour per il Grand Canyon\">Leggi tutto<\/a><\/p>\n","protected":false},"author":5,"featured_media":0,"parent":0,"menu_order":0,"comment_status":"open","ping_status":"open","template":"","meta":{"_acf_changed":false,"_seopress_robots_primary_cat":"","_seopress_titles_title":"","_seopress_titles_desc":"","_seopress_robots_index":"","footnotes":""},"type_of_tour":[],"class_list":["post-1741","page","type-page","status-publish"],"acf":[],"_links":{"self":[{"href":"https:\/\/www.grandcanyondeals.com\/it\/wp-json\/wp\/v2\/pages\/1741","targetHints":{"allow":["GET"]}}],"collection":[{"href":"https:\/\/www.grandcanyondeals.com\/it\/wp-json\/wp\/v2\/pages"}],"about":[{"href":"https:\/\/www.grandcanyondeals.com\/it\/wp-json\/wp\/v2\/types\/page"}],"author":[{"embeddable":true,"href":"https:\/\/www.grandcanyondeals.com\/it\/wp-json\/wp\/v2\/users\/5"}],"replies":[{"embeddable":true,"href":"https:\/\/www.grandcanyondeals.com\/it\/wp-json\/wp\/v2\/comments?post=1741"}],"version-history":[{"count":0,"href":"https:\/\/www.grandcanyondeals.com\/it\/wp-json\/wp\/v2\/pages\/1741\/revisions"}],"wp:attachment":[{"href":"https:\/\/www.grandcanyondeals.com\/it\/wp-json\/wp\/v2\/media?parent=1741"}],"wp:term":[{"taxonomy":"type_of_tour","embeddable":true,"href":"https:\/\/www.grandcanyondeals.com\/it\/wp-json\/wp\/v2\/type_of_tour?post=1741"}],"curies":[{"name":"wp","href":"https:\/\/api.w.org\/{rel}","templated":true}]}}