{"id":1747,"date":"2015-03-24T01:38:49","date_gmt":"2015-03-24T01:38:49","guid":{"rendered":"http:\/\/clickmantis.wpengine.com\/?page_id=1747"},"modified":"2021-03-03T23:35:04","modified_gmt":"2021-03-03T23:35:04","slug":"tipi-di-tour-nel-grand-canyon","status":"publish","type":"page","link":"https:\/\/www.grandcanyondeals.com\/it\/tipi-di-tour-nel-grand-canyon\/","title":{"rendered":"Tipi di tour nel Grand Canyon"},"content":{"rendered":"<p>Oltre alla compagnia di tour, dovrete scegliere anche il <em>tipo <\/em>di tour. Questo perch\u00e9 il Grand Canyon \u00e8 cos\u00ec vasto da rendere impossibile una visita completa in occasione di un singolo viaggio \u2013 dovrete quindi selezionare ci\u00f2 che per voi \u00e8 pi\u00f9 importante.<\/p>\n[soliloquy id=&#8221;1694&#8243;]\n<p>Per prima cosa, pensate alla prospettiva: preferireste vedere il Canyon da sopra o dall\u2019interno? Un tour in aeroplano pu\u00f2 portarvi per tutto il Grand Canyon, potrete cos\u00ec apprezzarlo nella sua interezza e vastit\u00e0. Un tour in elicottero vi consentir\u00e0 di vedre parti del Grand Canyon dal di sopra, ma pu\u00f2 anche calarsi tra le pareti del Canyon o addirittura atterrare in alcune aree designate. I tour in jeep, in pullman o a piedi vi condurranno verso i pi\u00f9 straordinari e famosi panorami del Canyon, offrendo meno in termini di ampiezza rispetto ai tour aerei, ma una maggiore sensazione di profondit\u00e0. In ultimo, il rafting e il trekking vi consentiranno di vedere il Canyon dal profondo del suo cuore: avrete una prospettiva ridotta, limitata dalle grandi pareti su entrambi i lati, ma avrete la possibilit\u00e0 di esplorare i luoghi segreti del Canyon.<\/p>\n<p>Per finire, pensate a cos\u2019altro desiderate dal vostro viaggio. State visitando il Grand Canyon solo per la sua grandezza e maestosit\u00e0, o il vostro viaggio da sogno richiede delle prove fisiche e delle avventure? Vorreste imparare qualcosa della storia, dell\u2019ecologia, della geologia del posto? Pensate alla natura del vostro tour: potreste preferire grandi gruppi ricchi di potenziali nuovi amici o dei gruppi poco numerosi per un\u2019esperienza pi\u00f9 intima. Alcuni tour sono rilassanti, consentendovi di immergervi nei panorami circostanti. Altri invece sono pi\u00f9 dinamici, passando da un\u2019attivit\u00e0 all\u2019altra, cos\u00ec da vivere al massimo il Canyon. Siate sicuri di avere bene in mente le vostre preferenze quando sceglierete tra le categorie seguenti:<\/p>\n<h3><strong>Tipi di tour nel Grand Canyon:<\/strong><\/h3>\n<div class=\"one-half first\">\n<h5><a href=\"http:\/\/www.grandcanyondeals.com\/it\/tour-in-elicottero\/\">Tour in elicottero<\/a><\/h5>\n<p>Cos\u00ec come quelli in aeroplano, i tour in elicottero vi mostreranno il Grand Canyon da una prospettiva del tutto nuova. Gli elicotteri da tour non possono volare tanto a lungo e tanto velocemente quanto gli aeroplani; possono per\u00f2 volare pi\u00f9 basso. Molti elicotteri da tour si calano oltre i cigli del Canyon; alcuni di essi atterrano addirittura sul fondo del Canyon!<\/p>\n<h5><a href=\"http:\/\/www.grandcanyondeals.com\/it\/tour-in-pullman\/\">Tour in pullman<\/a><\/h5>\n<p>I tour in pullman possono essere un\u2019alternativa economina ai tour in elicottero o in aeroplano. Sono pi\u00f9 lenti, e passerete pi\u00f9 tempo sulla strada \u2013 ma anche pi\u00f9 tempo a godere del fantastico scenario del Grand Canyon! Molti tour in pullman effettuano fermate in una serie di belvedere per consentire delle pause per camminare e fotografare.<\/p>\n<h5><a href=\"http:\/\/www.grandcanyondeals.com\/it\/tour-escursionistici\/\">Trekking<\/a><\/h5>\n<p>Alcuni sostengono che non hai&nbsp;davvero&nbsp;vissuto il Grand Canyon se non l\u2019hai percorso da cima a fonto facendo trekking! I tour di trekking hanno vari gradi di difficolt\u00e0, da quello estenuante per chi vuole mettersi alla prova atleticamente a quello pi\u00f9 rilassante fatto di passeggiate lungo i cigli del Canyon per visitarne i luoghi pi\u00f9 scenografici.<\/p>\n<h5><a href=\"http:\/\/www.grandcanyondeals.com\/it\/tour-in-jeep\/\">Tour in jeep<\/a><\/h5>\n<p>Come i tour in pullman, i tour in jeep vi permetteranno di vedere il pi\u00f9 possibile del Canyon (cio\u00e8, da terra) guidando lungo i cigli e fermandosi ai belvedere. Una jeep aperta vi consentir\u00e0 di vedere e di \u201cascoltare\u201d i Grand Canyon senza barriere!<\/p>\n<\/div>\n<div class=\"one-half\">\n<h5><a href=\"http:\/\/www.grandcanyondeals.com\/it\/tour-in-aeroplano\/\">Tour in aeroplano<\/a><\/h5>\n<p>E\u2019 difficile apprezzare la grandezza del Grand Canyon dal di dentro, o quando ci si trova sopra di esso. Con un tour in aeroplano potrete sorvolare l\u2019intero Canyon, godendo appieno della sua immensit\u00e0. Gli aeroplani da tour hanno ali alte e finestrini larghi e piatti, per poter guardare e fotografare.<\/p>\n<h5><a href=\"http:\/\/www.grandcanyondeals.com\/it\/tour-di-rafting\/\">Rafting<\/a><\/h5>\n<p>Forse \u00e8 la pi\u00f9 coinvolgente delle avventure: il tuor in rafting lungo il fiume Colorado, con le pareti del Grad Canyon che si ergono su entrambi i lati! I tour di rafting e campeggio durano giorni o addirittura settimane e rispettano delle severe regole di salvaguardia, per questo avrete bisogno di una forte dose di spirito avventuriero&#8230;<\/p>\n<h5><a href=\"http:\/\/www.grandcanyondeals.com\/it\/tour-combinati\/\">Tour combinati<\/a><\/h5>\n<p>I tour combinati vi consentono di modellare interamente la vostra esperienza nel Grand Canyon. Volete volare da Las Vegas al Grand Canyon in aeroplano, sorvolare e ridiscendere il Canyon a bordo di un elicottero, e poi pranzare, cavalcare, fare rafting, trekking etc.? Nessun problema!<\/p>\n<\/div>\n","protected":false},"excerpt":{"rendered":"<p>Oltre alla compagnia di tour, dovrete scegliere anche il tipo di tour. Questo perch\u00e9 il Grand Canyon \u00e8 cos\u00ec vasto da rendere impossibile una visita completa in occasione di un singolo viaggio \u2013 dovrete quindi selezionare ci\u00f2 che per voi \u00e8 pi\u00f9 importante. [soliloquy id=&#8221;1694&#8243;] Per prima cosa, pensate alla prospettiva: preferireste vedere il Canyon &#8230; <a title=\"Tipi di tour nel Grand Canyon\" class=\"read-more\" href=\"https:\/\/www.grandcanyondeals.com\/it\/tipi-di-tour-nel-grand-canyon\/\" aria-label=\"Per saperne di pi\u00f9 su Tipi di tour nel Grand Canyon\">Leggi tutto<\/a><\/p>\n","protected":false},"author":5,"featured_media":0,"parent":0,"menu_order":0,"comment_status":"open","ping_status":"open","template":"","meta":{"_acf_changed":false,"_seopress_robots_primary_cat":"","_seopress_titles_title":"","_seopress_titles_desc":"","_seopress_robots_index":"","footnotes":""},"type_of_tour":[],"class_list":["post-1747","page","type-page","status-publish"],"acf":[],"_links":{"self":[{"href":"https:\/\/www.grandcanyondeals.com\/it\/wp-json\/wp\/v2\/pages\/1747","targetHints":{"allow":["GET"]}}],"collection":[{"href":"https:\/\/www.grandcanyondeals.com\/it\/wp-json\/wp\/v2\/pages"}],"about":[{"href":"https:\/\/www.grandcanyondeals.com\/it\/wp-json\/wp\/v2\/types\/page"}],"author":[{"embeddable":true,"href":"https:\/\/www.grandcanyondeals.com\/it\/wp-json\/wp\/v2\/users\/5"}],"replies":[{"embeddable":true,"href":"https:\/\/www.grandcanyondeals.com\/it\/wp-json\/wp\/v2\/comments?post=1747"}],"version-history":[{"count":0,"href":"https:\/\/www.grandcanyondeals.com\/it\/wp-json\/wp\/v2\/pages\/1747\/revisions"}],"wp:attachment":[{"href":"https:\/\/www.grandcanyondeals.com\/it\/wp-json\/wp\/v2\/media?parent=1747"}],"wp:term":[{"taxonomy":"type_of_tour","embeddable":true,"href":"https:\/\/www.grandcanyondeals.com\/it\/wp-json\/wp\/v2\/type_of_tour?post=1747"}],"curies":[{"name":"wp","href":"https:\/\/api.w.org\/{rel}","templated":true}]}}