{"id":364,"date":"2015-03-12T02:22:26","date_gmt":"2015-03-12T02:22:26","guid":{"rendered":"http:\/\/clickmantis.wpengine.com\/?page_id=364"},"modified":"2016-02-11T16:25:24","modified_gmt":"2016-02-11T16:25:24","slug":"tour-combinati","status":"publish","type":"page","link":"https:\/\/www.grandcanyondeals.com\/it\/tour-combinati\/","title":{"rendered":"Tour Combinati"},"content":{"rendered":"<p>Un tour combinato \u00e8 un ottimo modo per esplorare molteplici attivit\u00e0 mentre si viaggia. Le agenzie di viaggio offrono tour combinati, i quali sono popolari alternative al tour tradizionale. Nonostante le guide turistiche professioniste offrano viaggi combinati, \u00e8 cosa pi\u00f9 comune prenotare un\u2019escursione multi-attivit\u00e0 attraverso un\u2019agenzia di viaggio pi\u00f9 grande e affermata.<\/p>\n<p>\u00c8 importante che facciate una ricerca prima di scegliere il vostro tour combinato. Specialmente se scegliete un\u2019attivit\u00e0 ad elevato rischio, come un giro in elicottero o il rafting in acque bianche, vorrete assicurarvi che l\u2019agenzia o l\u2019individuo con cui stipulate il contratto siano accreditati e che siate in buone mani. Ci sono vari tipi di tour combinati: esempi di escursioni multi-attivit\u00e0 includono qualsiasi combinazione di gita in elicottero, aeroplano, corriera, Jeep e rafting.<\/p>\n<h3><strong>Vantaggi dei Tour Combinati<\/strong><\/h3>\n<ul>\n<li>Se avete poca capacit\u00e0 di concentrazione, vi piaceranno le molteplici attivit\u00e0.<\/li>\n<li>Le persone che hanno poco tempo per viaggiare possono associare la visita turistica all\u2019avventura in un unico pomeriggio.<\/li>\n<li>Con un buon tour combinato, potete ottenere la sensazione di fare due vacanze al prezzo di una.<\/li>\n<li>Se non vi piace una parte del tour, potrebbe piacervi molto l\u2019altra componente dello stesso.<\/li>\n<\/ul>\n<h3><strong>Svantaggi dei Tour Combinati<\/strong><\/h3>\n<ul>\n<li>Facendo pi\u00f9 di un\u2019attivit\u00e0, non avete molto tempo per godervele.<\/li>\n<li>Potreste sentirvi di fretta prendendo parte a molteplici attivit\u00e0 in un breve periodo di tempo.<\/li>\n<li>Nonostante i tour combinati possano sembrare un buon affare, alcuni possono essere costosi, per cui vorrete guardarvi attorno prima di scegliere un tour.<\/li>\n<li>Un segmento del tour potrebbe essere adatto ai bambini, mentre un altro potrebbe non esserlo.<\/li>\n<\/ul>\n<h3><strong>Tour Combinati- La Scelta Giusta per Voi?<\/strong><\/h3>\n<p>Un\u2019escursione multi-attivit\u00e0 pu\u00f2 offrire in un giorno l\u2019equivalente di una settimana di divertimento, ma questo tipo di attivit\u00e0 densa di azione non \u00e8 per tutti i tipi di fisico e personalit\u00e0. Se avete qualche disabilit\u00e0 potreste essere in grado di partecipare alla porzione in pullman del tour, ma non al segmento di rafting. Ai bambini piccoli, donne incinte e individui con lesioni esistenti \u00e8 sconsigliato, nella maggior parte dei casi, partecipare a tour combinati. Se i gruppi di persone vi mettono a disagio, potreste voler prenotare un tour privato invece di andare con il gruppo.<\/p>\n<p>Alle persone avventurose che si divertono a stare in gruppo piacer\u00e0 la possibilit\u00e0 di incontrare nuovi amici e di prendere parte ad attivit\u00e0 di gruppo in un ambiente nuovo. I costanti cambiamenti di scenario e attivit\u00e0 sono adatti al tipo avventuroso che si annoia facilmente. Inoltre, se siete estremamente atletici, potete sperimentare pi\u00f9 di un\u2019attivit\u00e0 fisica. Ad ogni modo, non dovete essere dei campioni olimpionici per godervi un tour combinato perch\u00e8 non ogni escursione presenta una componente atletica: fotografi e cineasti ameranno la diversit\u00e0 artistica che un tour combinato pu\u00f2 offrire.<\/p>\n","protected":false},"excerpt":{"rendered":"<p>Un tour combinato \u00e8 un ottimo modo per esplorare molteplici attivit\u00e0 mentre si viaggia. Le agenzie di viaggio offrono tour combinati, i quali sono popolari alternative al tour tradizionale. Nonostante le guide turistiche professioniste offrano viaggi combinati, \u00e8 cosa pi\u00f9 comune prenotare un\u2019escursione multi-attivit\u00e0 attraverso un\u2019agenzia di viaggio pi\u00f9 grande e affermata. \u00c8 importante che &#8230; <a title=\"Tour Combinati\" class=\"read-more\" href=\"https:\/\/www.grandcanyondeals.com\/it\/tour-combinati\/\" aria-label=\"Per saperne di pi\u00f9 su Tour Combinati\">Leggi tutto<\/a><\/p>\n","protected":false},"author":5,"featured_media":0,"parent":0,"menu_order":0,"comment_status":"open","ping_status":"open","template":"","meta":{"_acf_changed":false,"_seopress_robots_primary_cat":"","_seopress_titles_title":"","_seopress_titles_desc":"","_seopress_robots_index":"","footnotes":""},"type_of_tour":[9],"class_list":{"0":"post-364","1":"page","2":"type-page","3":"status-publish","5":"type_of_tour-yes"},"acf":[],"_links":{"self":[{"href":"https:\/\/www.grandcanyondeals.com\/it\/wp-json\/wp\/v2\/pages\/364","targetHints":{"allow":["GET"]}}],"collection":[{"href":"https:\/\/www.grandcanyondeals.com\/it\/wp-json\/wp\/v2\/pages"}],"about":[{"href":"https:\/\/www.grandcanyondeals.com\/it\/wp-json\/wp\/v2\/types\/page"}],"author":[{"embeddable":true,"href":"https:\/\/www.grandcanyondeals.com\/it\/wp-json\/wp\/v2\/users\/5"}],"replies":[{"embeddable":true,"href":"https:\/\/www.grandcanyondeals.com\/it\/wp-json\/wp\/v2\/comments?post=364"}],"version-history":[{"count":0,"href":"https:\/\/www.grandcanyondeals.com\/it\/wp-json\/wp\/v2\/pages\/364\/revisions"}],"wp:attachment":[{"href":"https:\/\/www.grandcanyondeals.com\/it\/wp-json\/wp\/v2\/media?parent=364"}],"wp:term":[{"taxonomy":"type_of_tour","embeddable":true,"href":"https:\/\/www.grandcanyondeals.com\/it\/wp-json\/wp\/v2\/type_of_tour?post=364"}],"curies":[{"name":"wp","href":"https:\/\/api.w.org\/{rel}","templated":true}]}}