{"id":369,"date":"2015-03-12T12:44:24","date_gmt":"2015-03-12T12:44:24","guid":{"rendered":"http:\/\/clickmantis.wpengine.com\/?page_id=369"},"modified":"2016-02-11T16:29:23","modified_gmt":"2016-02-11T16:29:23","slug":"tour-di-rafting","status":"publish","type":"page","link":"https:\/\/www.grandcanyondeals.com\/it\/tour-di-rafting\/","title":{"rendered":"Tour di Rafting"},"content":{"rendered":"<p>Se vi piace unire il viaggiare ad una vigorosa avventura atletica, un tour di rafting \u00e8 un ottimo modo per conoscere nuovi luoghi e farsi nuovi amici. Le agenzie di viaggio gestiscono tour di rafting. Alcune agenzie offrono solo tour di rafting, mentre altre integrano il rafting come componente in un altro tipo di tour, ad esempio un\u2019escursione in pullman o in aeroplano.<\/p>\n<p>Rispetto ad altri tipi di vacanza, i tour di rafting possono offrire divertimento economico a famiglie e piccoli gruppi. Sia che stiate viaggiando soli o in coppia, potete ottenere un\u2019esperienza indimenticabile attraverso il lavoro di squadra e l\u2019interazione necessari per un tour di rafting di successo.<\/p>\n<h3><strong>Vantaggi dei Tour di Rafting<\/strong><\/h3>\n<ul>\n<li>Potete ottenere un ottimo allenamento mentre visitate luoghi diversi.<\/li>\n<li>Filmati e fotografie della vostra esperienza sono disponibili dopo il tour attraverso l\u2019agenzia di viaggio- \u00e8 quasi impossibile scattare fotografie con un remo in mano, per cui questo \u00e8 un bel servizio che le agenzie offrono per celebrare la vostra esperienza.<\/li>\n<li>Non c\u2019\u00e8 niente di meglio dell\u2019intensa scarica di adrenalina che si prova nel sfrecciare lungo il fiume in una zattera.<\/li>\n<li>I tour di rafting offrono un\u2019impagabile esperienza di squadra sia alle famiglie che alle organizzazioni professioniste.<\/li>\n<li>I tour di rafting si adattano all\u2019interno di un\u2019ampia fascia d\u2019et\u00e0- purch\u00e8 ognuno soddisfi le condizioni minime; un tour di rafting \u00e8 un\u2019ottima opportunit\u00e0 di gruppo.<\/li>\n<\/ul>\n<h3><strong>Svantaggi dei Tour di Rafting<\/strong><\/h3>\n<ul>\n<li>Se avete un passeggero lamentoso sulla zattera, sarete bloccati con loro per tutta la durata del viaggio.<\/li>\n<li>Poich\u00e8 vi state concentrando sul fiume e sui suoi numerosi ostacoli, potreste non avere molto tempo per ammirare il bellissimo scenario che vi passa a fianco.<\/li>\n<li>Vi \u00e8 un elemento di pericolo associato a questo tipo di tour; nonostante gli operatori turistici siano appositamente allenati per tour con sport estremi, voi vi assumete il rischio di lesioni o morte scegliendo questa attivit\u00e0.<\/li>\n<li>I tour di rafting guidati possono essere costosi.<\/li>\n<\/ul>\n<h3><strong>Tour di Rafting- Dovreste Afferrare un Remo o Starvene sulla Terraferma?<\/strong><\/h3>\n<p>Se non siete in ottima forma, dovreste considerare un altro tipo di tour. Le persone a cui \u00e8 sconsigliato fare un tour di rafting includono:<\/p>\n<ul>\n<li>Donne incinte, neonati e bambini piccoli.<\/li>\n<li>Individui con problemi cardiovascolari, respiratori o cardiaci.<\/li>\n<li>Coloro che hanno lesioni esistenti.<\/li>\n<li>Le persone che hanno paura dell\u2019acqua e che non sanno nuotare.<\/li>\n<\/ul>\n<p>\u00c8 bene ricordare che non tutti i tour di rafting sono uguali- ci sono certamente gite di rafting \u00a0pi\u00f9 adatte alle famiglie, che comportano il navigare trasportati \u00a0dolcemente lungo un fiume dalla corrente lenta. Altri tour di rafting sono creati per viaggiatori estremamente atletici che amano mettere alla prova i loro limiti in un ambiente di squadra, all\u2019aria aperta. Una persona a cui piace il lavoro di squadra \u00e8 il candidato ideale per un tour di rafting. Se vi piace stare in mezzo ad altre persone e lavorare in squadra per portare a termine un\u2019impresa difficile, amerete la sfida fisica e mentale che il rafting pu\u00f2 offrire.<\/p>\n","protected":false},"excerpt":{"rendered":"<p>Se vi piace unire il viaggiare ad una vigorosa avventura atletica, un tour di rafting \u00e8 un ottimo modo per conoscere nuovi luoghi e farsi nuovi amici. Le agenzie di viaggio gestiscono tour di rafting. Alcune agenzie offrono solo tour di rafting, mentre altre integrano il rafting come componente in un altro tipo di tour, &#8230; <a title=\"Tour di Rafting\" class=\"read-more\" href=\"https:\/\/www.grandcanyondeals.com\/it\/tour-di-rafting\/\" aria-label=\"Per saperne di pi\u00f9 su Tour di Rafting\">Leggi tutto<\/a><\/p>\n","protected":false},"author":5,"featured_media":0,"parent":0,"menu_order":0,"comment_status":"open","ping_status":"open","template":"","meta":{"_acf_changed":false,"_seopress_robots_primary_cat":"","_seopress_titles_title":"","_seopress_titles_desc":"","_seopress_robots_index":"","footnotes":""},"type_of_tour":[9],"class_list":{"0":"post-369","1":"page","2":"type-page","3":"status-publish","5":"type_of_tour-yes"},"acf":[],"_links":{"self":[{"href":"https:\/\/www.grandcanyondeals.com\/it\/wp-json\/wp\/v2\/pages\/369","targetHints":{"allow":["GET"]}}],"collection":[{"href":"https:\/\/www.grandcanyondeals.com\/it\/wp-json\/wp\/v2\/pages"}],"about":[{"href":"https:\/\/www.grandcanyondeals.com\/it\/wp-json\/wp\/v2\/types\/page"}],"author":[{"embeddable":true,"href":"https:\/\/www.grandcanyondeals.com\/it\/wp-json\/wp\/v2\/users\/5"}],"replies":[{"embeddable":true,"href":"https:\/\/www.grandcanyondeals.com\/it\/wp-json\/wp\/v2\/comments?post=369"}],"version-history":[{"count":0,"href":"https:\/\/www.grandcanyondeals.com\/it\/wp-json\/wp\/v2\/pages\/369\/revisions"}],"wp:attachment":[{"href":"https:\/\/www.grandcanyondeals.com\/it\/wp-json\/wp\/v2\/media?parent=369"}],"wp:term":[{"taxonomy":"type_of_tour","embeddable":true,"href":"https:\/\/www.grandcanyondeals.com\/it\/wp-json\/wp\/v2\/type_of_tour?post=369"}],"curies":[{"name":"wp","href":"https:\/\/api.w.org\/{rel}","templated":true}]}}